{"id":304,"date":"2013-01-15T19:19:12","date_gmt":"2013-01-15T18:19:12","guid":{"rendered":"http:\/\/www.rightinfonow.com\/?page_id=304"},"modified":"2013-01-21T23:40:16","modified_gmt":"2013-01-21T22:40:16","slug":"right-info-now-com","status":"publish","type":"page","link":"https:\/\/www.rightinfonow.com\/sv\/","title":{"rendered":"right info now . com"},"content":{"rendered":"<p>P\u00e5 RightInfoNow.com finner du nyttig information av olika slag.<\/p>\n<h2>L\u00e4nka till RightInfoNow.com<\/h2>\n<p>V\u00e4nligen respektera upphovsr\u00e4tten till informationen som du finner p\u00e5 h\u00e4r p\u00e5 RightInfoNow.com genom att l\u00e4gga till en l\u00e4nk p\u00e5 din websida direkt till n\u00e5gon av RightInfoNow.com&#8217;s subsidor, ist\u00e4llet f\u00f6r att kopiera informationen!<\/p>\n","protected":false},"excerpt":{"rendered":"<p>P\u00e5 RightInfoNow.com finner du nyttig information av olika slag. L\u00e4nka till RightInfoNow.com V\u00e4nligen respektera upphovsr\u00e4tten till informationen som du finner p\u00e5 h\u00e4r p\u00e5 RightInfoNow.com genom att l\u00e4gga till en l\u00e4nk p\u00e5 din websida direkt till n\u00e5gon av RightInfoNow.com&#8217;s subsidor, ist\u00e4llet f\u00f6r att kopiera informationen!<\/p>\n","protected":false},"author":1,"featured_media":0,"parent":0,"menu_order":0,"comment_status":"open","ping_status":"open","template":"","meta":[],"yoast_head":"<!-- This site is optimized with the Yoast SEO plugin v21.8.1 - https:\/\/yoast.com\/wordpress\/plugins\/seo\/ -->\n<title>right info now . com - right info now : .com<\/title>\n<meta name=\"robots\" content=\"index, follow, max-snippet:-1, max-image-preview:large, max-video-preview:-1\" \/>\n<link rel=\"canonical\" href=\"https:\/\/www.rightinfonow.com\/sv\/\" \/>\n<meta property=\"og:locale\" content=\"sv_SE\" \/>\n<meta property=\"og:type\" content=\"article\" \/>\n<meta property=\"og:title\" content=\"right info now . com - right info now : .com\" \/>\n<meta property=\"og:description\" content=\"P\u00e5 RightInfoNow.com finner du nyttig information av olika slag. L\u00e4nka till RightInfoNow.com V\u00e4nligen respektera upphovsr\u00e4tten till informationen som du finner p\u00e5 h\u00e4r p\u00e5 RightInfoNow.com genom att l\u00e4gga till en l\u00e4nk p\u00e5 din websida direkt till n\u00e5gon av RightInfoNow.com&#8217;s subsidor, ist\u00e4llet f\u00f6r att kopiera informationen!\" \/>\n<meta property=\"og:url\" content=\"https:\/\/www.rightinfonow.com\/sv\/\" \/>\n<meta property=\"og:site_name\" content=\"right info now : .com\" \/>\n<meta property=\"article:modified_time\" content=\"2013-01-21T22:40:16+00:00\" \/>\n<meta name=\"twitter:card\" content=\"summary_large_image\" \/>\n<script type=\"application\/ld+json\" class=\"yoast-schema-graph\">{\"@context\":\"https:\/\/schema.org\",\"@graph\":[{\"@type\":\"WebPage\",\"@id\":\"https:\/\/www.rightinfonow.com\/sv\/\",\"url\":\"https:\/\/www.rightinfonow.com\/sv\/\",\"name\":\"right info now . com - right info now : .com\",\"isPartOf\":{\"@id\":\"https:\/\/www.rightinfonow.com\/#website\"},\"datePublished\":\"2013-01-15T18:19:12+00:00\",\"dateModified\":\"2013-01-21T22:40:16+00:00\",\"breadcrumb\":{\"@id\":\"https:\/\/www.rightinfonow.com\/sv\/#breadcrumb\"},\"inLanguage\":\"sv-SE\",\"potentialAction\":[{\"@type\":\"ReadAction\",\"target\":[\"https:\/\/www.rightinfonow.com\/sv\/\"]}]},{\"@type\":\"BreadcrumbList\",\"@id\":\"https:\/\/www.rightinfonow.com\/sv\/#breadcrumb\",\"itemListElement\":[{\"@type\":\"ListItem\",\"position\":1,\"name\":\"Home\",\"item\":\"https:\/\/www.rightinfonow.com\/sv\/\"},{\"@type\":\"ListItem\",\"position\":2,\"name\":\"right info now . com\"}]},{\"@type\":\"WebSite\",\"@id\":\"https:\/\/www.rightinfonow.com\/#website\",\"url\":\"https:\/\/www.rightinfonow.com\/\",\"name\":\"right info now : .com\",\"description\":\"information repository\",\"potentialAction\":[{\"@type\":\"SearchAction\",\"target\":{\"@type\":\"EntryPoint\",\"urlTemplate\":\"https:\/\/www.rightinfonow.com\/?s={search_term_string}\"},\"query-input\":\"required name=search_term_string\"}],\"inLanguage\":\"sv-SE\"}]}<\/script>\n<!-- \/ Yoast SEO plugin. -->","yoast_head_json":{"title":"right info now . com - right info now : .com","robots":{"index":"index","follow":"follow","max-snippet":"max-snippet:-1","max-image-preview":"max-image-preview:large","max-video-preview":"max-video-preview:-1"},"canonical":"https:\/\/www.rightinfonow.com\/sv\/","og_locale":"sv_SE","og_type":"article","og_title":"right info now . com - right info now : .com","og_description":"P\u00e5 RightInfoNow.com finner du nyttig information av olika slag. L\u00e4nka till RightInfoNow.com V\u00e4nligen respektera upphovsr\u00e4tten till informationen som du finner p\u00e5 h\u00e4r p\u00e5 RightInfoNow.com genom att l\u00e4gga till en l\u00e4nk p\u00e5 din websida direkt till n\u00e5gon av RightInfoNow.com&#8217;s subsidor, ist\u00e4llet f\u00f6r att kopiera informationen!","og_url":"https:\/\/www.rightinfonow.com\/sv\/","og_site_name":"right info now : .com","article_modified_time":"2013-01-21T22:40:16+00:00","twitter_card":"summary_large_image","schema":{"@context":"https:\/\/schema.org","@graph":[{"@type":"WebPage","@id":"https:\/\/www.rightinfonow.com\/sv\/","url":"https:\/\/www.rightinfonow.com\/sv\/","name":"right info now . com - right info now : .com","isPartOf":{"@id":"https:\/\/www.rightinfonow.com\/#website"},"datePublished":"2013-01-15T18:19:12+00:00","dateModified":"2013-01-21T22:40:16+00:00","breadcrumb":{"@id":"https:\/\/www.rightinfonow.com\/sv\/#breadcrumb"},"inLanguage":"sv-SE","potentialAction":[{"@type":"ReadAction","target":["https:\/\/www.rightinfonow.com\/sv\/"]}]},{"@type":"BreadcrumbList","@id":"https:\/\/www.rightinfonow.com\/sv\/#breadcrumb","itemListElement":[{"@type":"ListItem","position":1,"name":"Home","item":"https:\/\/www.rightinfonow.com\/sv\/"},{"@type":"ListItem","position":2,"name":"right info now . com"}]},{"@type":"WebSite","@id":"https:\/\/www.rightinfonow.com\/#website","url":"https:\/\/www.rightinfonow.com\/","name":"right info now : .com","description":"information repository","potentialAction":[{"@type":"SearchAction","target":{"@type":"EntryPoint","urlTemplate":"https:\/\/www.rightinfonow.com\/?s={search_term_string}"},"query-input":"required name=search_term_string"}],"inLanguage":"sv-SE"}]}},"_links":{"self":[{"href":"https:\/\/www.rightinfonow.com\/sv\/wp-json\/wp\/v2\/pages\/304"}],"collection":[{"href":"https:\/\/www.rightinfonow.com\/sv\/wp-json\/wp\/v2\/pages"}],"about":[{"href":"https:\/\/www.rightinfonow.com\/sv\/wp-json\/wp\/v2\/types\/page"}],"author":[{"embeddable":true,"href":"https:\/\/www.rightinfonow.com\/sv\/wp-json\/wp\/v2\/users\/1"}],"replies":[{"embeddable":true,"href":"https:\/\/www.rightinfonow.com\/sv\/wp-json\/wp\/v2\/comments?post=304"}],"version-history":[{"count":2,"href":"https:\/\/www.rightinfonow.com\/sv\/wp-json\/wp\/v2\/pages\/304\/revisions"}],"predecessor-version":[{"id":489,"href":"https:\/\/www.rightinfonow.com\/sv\/wp-json\/wp\/v2\/pages\/304\/revisions\/489"}],"wp:attachment":[{"href":"https:\/\/www.rightinfonow.com\/sv\/wp-json\/wp\/v2\/media?parent=304"}],"curies":[{"name":"wp","href":"https:\/\/api.w.org\/{rel}","templated":true}]}}