{"id":309,"date":"2013-01-15T19:20:32","date_gmt":"2013-01-15T18:20:32","guid":{"rendered":"http:\/\/www.rightinfonow.com\/?page_id=309"},"modified":"2013-01-21T23:40:03","modified_gmt":"2013-01-21T22:40:03","slug":"right-info-now-com-2","status":"publish","type":"page","link":"https:\/\/www.rightinfonow.com\/nb\/","title":{"rendered":"right info now . com"},"content":{"rendered":"<p>P\u00e5 RightInfoNow.com vil du finne nyttig informasjon av ulike slag.<\/p>\n<h2>Link til RightInfoNow.com<\/h2>\n<p>Vennligst respekter opphavsretten til informasjonen du finner her p\u00e5 RightInfoNow.com ved \u00e5 legge til en kobling p\u00e5 webomr\u00e5det ditt direkte til en av RightInfoNow.com&#8217;s subside, i stedet for \u00e5 kopiere informasjon!<\/p>\n","protected":false},"excerpt":{"rendered":"<p>P\u00e5 RightInfoNow.com vil du finne nyttig informasjon av ulike slag. Link til RightInfoNow.com Vennligst respekter opphavsretten til informasjonen du finner her p\u00e5 RightInfoNow.com ved \u00e5 legge til en kobling p\u00e5 webomr\u00e5det ditt direkte til en av RightInfoNow.com&#8217;s subside, i stedet for \u00e5 kopiere informasjon!<\/p>\n","protected":false},"author":1,"featured_media":0,"parent":0,"menu_order":0,"comment_status":"open","ping_status":"open","template":"","meta":[],"yoast_head":"<!-- This site is optimized with the Yoast SEO plugin v21.8.1 - https:\/\/yoast.com\/wordpress\/plugins\/seo\/ -->\n<title>right info now . com - right info now : .com<\/title>\n<meta name=\"robots\" content=\"index, follow, max-snippet:-1, max-image-preview:large, max-video-preview:-1\" \/>\n<link rel=\"canonical\" href=\"https:\/\/www.rightinfonow.com\/nb\/\" \/>\n<meta property=\"og:locale\" content=\"nb_NO\" \/>\n<meta property=\"og:type\" content=\"article\" \/>\n<meta property=\"og:title\" content=\"right info now . com - right info now : .com\" \/>\n<meta property=\"og:description\" content=\"P\u00e5 RightInfoNow.com vil du finne nyttig informasjon av ulike slag. Link til RightInfoNow.com Vennligst respekter opphavsretten til informasjonen du finner her p\u00e5 RightInfoNow.com ved \u00e5 legge til en kobling p\u00e5 webomr\u00e5det ditt direkte til en av RightInfoNow.com&#8217;s subside, i stedet for \u00e5 kopiere informasjon!\" \/>\n<meta property=\"og:url\" content=\"https:\/\/www.rightinfonow.com\/nb\/\" \/>\n<meta property=\"og:site_name\" content=\"right info now : .com\" \/>\n<meta property=\"article:modified_time\" content=\"2013-01-21T22:40:03+00:00\" \/>\n<meta name=\"twitter:card\" content=\"summary_large_image\" \/>\n<script type=\"application\/ld+json\" class=\"yoast-schema-graph\">{\"@context\":\"https:\/\/schema.org\",\"@graph\":[{\"@type\":\"WebPage\",\"@id\":\"https:\/\/www.rightinfonow.com\/nb\/\",\"url\":\"https:\/\/www.rightinfonow.com\/nb\/\",\"name\":\"right info now . com - right info now : .com\",\"isPartOf\":{\"@id\":\"https:\/\/www.rightinfonow.com\/#website\"},\"datePublished\":\"2013-01-15T18:20:32+00:00\",\"dateModified\":\"2013-01-21T22:40:03+00:00\",\"breadcrumb\":{\"@id\":\"https:\/\/www.rightinfonow.com\/nb\/#breadcrumb\"},\"inLanguage\":\"nb-NO\",\"potentialAction\":[{\"@type\":\"ReadAction\",\"target\":[\"https:\/\/www.rightinfonow.com\/nb\/\"]}]},{\"@type\":\"BreadcrumbList\",\"@id\":\"https:\/\/www.rightinfonow.com\/nb\/#breadcrumb\",\"itemListElement\":[{\"@type\":\"ListItem\",\"position\":1,\"name\":\"Home\",\"item\":\"https:\/\/www.rightinfonow.com\/nb\/\"},{\"@type\":\"ListItem\",\"position\":2,\"name\":\"right info now . com\"}]},{\"@type\":\"WebSite\",\"@id\":\"https:\/\/www.rightinfonow.com\/#website\",\"url\":\"https:\/\/www.rightinfonow.com\/\",\"name\":\"right info now : .com\",\"description\":\"information repository\",\"potentialAction\":[{\"@type\":\"SearchAction\",\"target\":{\"@type\":\"EntryPoint\",\"urlTemplate\":\"https:\/\/www.rightinfonow.com\/?s={search_term_string}\"},\"query-input\":\"required name=search_term_string\"}],\"inLanguage\":\"nb-NO\"}]}<\/script>\n<!-- \/ Yoast SEO plugin. -->","yoast_head_json":{"title":"right info now . com - right info now : .com","robots":{"index":"index","follow":"follow","max-snippet":"max-snippet:-1","max-image-preview":"max-image-preview:large","max-video-preview":"max-video-preview:-1"},"canonical":"https:\/\/www.rightinfonow.com\/nb\/","og_locale":"nb_NO","og_type":"article","og_title":"right info now . com - right info now : .com","og_description":"P\u00e5 RightInfoNow.com vil du finne nyttig informasjon av ulike slag. Link til RightInfoNow.com Vennligst respekter opphavsretten til informasjonen du finner her p\u00e5 RightInfoNow.com ved \u00e5 legge til en kobling p\u00e5 webomr\u00e5det ditt direkte til en av RightInfoNow.com&#8217;s subside, i stedet for \u00e5 kopiere informasjon!","og_url":"https:\/\/www.rightinfonow.com\/nb\/","og_site_name":"right info now : .com","article_modified_time":"2013-01-21T22:40:03+00:00","twitter_card":"summary_large_image","schema":{"@context":"https:\/\/schema.org","@graph":[{"@type":"WebPage","@id":"https:\/\/www.rightinfonow.com\/nb\/","url":"https:\/\/www.rightinfonow.com\/nb\/","name":"right info now . com - right info now : .com","isPartOf":{"@id":"https:\/\/www.rightinfonow.com\/#website"},"datePublished":"2013-01-15T18:20:32+00:00","dateModified":"2013-01-21T22:40:03+00:00","breadcrumb":{"@id":"https:\/\/www.rightinfonow.com\/nb\/#breadcrumb"},"inLanguage":"nb-NO","potentialAction":[{"@type":"ReadAction","target":["https:\/\/www.rightinfonow.com\/nb\/"]}]},{"@type":"BreadcrumbList","@id":"https:\/\/www.rightinfonow.com\/nb\/#breadcrumb","itemListElement":[{"@type":"ListItem","position":1,"name":"Home","item":"https:\/\/www.rightinfonow.com\/nb\/"},{"@type":"ListItem","position":2,"name":"right info now . com"}]},{"@type":"WebSite","@id":"https:\/\/www.rightinfonow.com\/#website","url":"https:\/\/www.rightinfonow.com\/","name":"right info now : .com","description":"information repository","potentialAction":[{"@type":"SearchAction","target":{"@type":"EntryPoint","urlTemplate":"https:\/\/www.rightinfonow.com\/?s={search_term_string}"},"query-input":"required name=search_term_string"}],"inLanguage":"nb-NO"}]}},"_links":{"self":[{"href":"https:\/\/www.rightinfonow.com\/nb\/wp-json\/wp\/v2\/pages\/309"}],"collection":[{"href":"https:\/\/www.rightinfonow.com\/nb\/wp-json\/wp\/v2\/pages"}],"about":[{"href":"https:\/\/www.rightinfonow.com\/nb\/wp-json\/wp\/v2\/types\/page"}],"author":[{"embeddable":true,"href":"https:\/\/www.rightinfonow.com\/nb\/wp-json\/wp\/v2\/users\/1"}],"replies":[{"embeddable":true,"href":"https:\/\/www.rightinfonow.com\/nb\/wp-json\/wp\/v2\/comments?post=309"}],"version-history":[{"count":3,"href":"https:\/\/www.rightinfonow.com\/nb\/wp-json\/wp\/v2\/pages\/309\/revisions"}],"predecessor-version":[{"id":312,"href":"https:\/\/www.rightinfonow.com\/nb\/wp-json\/wp\/v2\/pages\/309\/revisions\/312"}],"wp:attachment":[{"href":"https:\/\/www.rightinfonow.com\/nb\/wp-json\/wp\/v2\/media?parent=309"}],"curies":[{"name":"wp","href":"https:\/\/api.w.org\/{rel}","templated":true}]}}